{"id":127,"date":"2022-08-30T09:35:49","date_gmt":"2022-08-30T07:35:49","guid":{"rendered":"https:\/\/events-stg.unifr.ch\/wg2023\/?page_id=127"},"modified":"2022-10-10T08:46:08","modified_gmt":"2022-10-10T06:46:08","slug":"travelling-to-fribourg","status":"publish","type":"page","link":"https:\/\/events.unifr.ch\/wg2023\/?page_id=127","title":{"rendered":"Travelling to Fribourg"},"content":{"rendered":"\n<div class=\"wp-block-columns alignwide\">\n<div class=\"wp-block-column\">\n<h3>Travel by Train<\/h3>\n\n\n\n<p>There are good connections to Fribourg from many places in France, Germany, Austria and Italy. There are also night train connections to Zurich from many cities in Europe like Amsterdam, Vienna, Prague and Budapest. Information can be found at the website of the <a href=\"https:\/\/www.sbb.ch\/en\">Swiss Railway<\/a>. You can also buy tickets there, but it might be cheaper to buy tickets from your local railway company.<\/p>\n\n\n\n<h3>Travel by Plane<\/h3>\n\n\n\n<p>We recommend to fly to Zurich or Geneva airport. Both airports are well connected to many destinations in Europe and worldwide. Both at &#8220;Z\u00fcrich Flughafen&#8221; and &#8220;Gen\u00e8ve-A\u00e9roport&#8221; there are direct trains to Fribourg, which run every 30 minutes and take up to 1h45 minutes. More information on train connections can be found <a href=\"https:\/\/www.sbb.ch\/en\">here<\/a>. You can buy train tickets either <a href=\"https:\/\/www.sbb.ch\/en\">online<\/a> or at the train station.<\/p>\n\n\n\n<h3>Getting around in Fribourg<\/h3>\n\n\n\n<p>Fribourg is a small town and many places are in walking distance. The university is also easy to reach by bus.<\/p>\n\n\n\n<h3>Accomodation<\/h3>\n\n\n\n<p>Will be available soon.<\/p>\n\n\n\n<p>For the weather in Fribourg click <a href=\"https:\/\/www.srf.ch\/meteo\/wetter\/Fribourg\/46.8050,7.1565?geolocationNameId=666ef86dd1edaee53d3be0c8e0313999\">here<\/a>.<\/p>\n<\/div>\n\n\n\n<div class=\"wp-block-column is-vertically-aligned-center\">\n<div id=\"\u201dmy-map\u201d\">\n\n\t\t\t\t\t\t\t\t\t<iframe loading=\"lazy\" scrolling=\"no\" marginheight=\"0\" marginwidth=\"0\" src=\"https:\/\/www.openstreetmap.org\/export\/embed.html?bbox=7.153773307800294%2C46.791524593936536%2C7.164287567138673%2C46.7961043498058&amp;layer=mapnik&amp;marker=46.79381452058852%2C7.159030437469482\" style=\"border: 1px solid black\" width=\"100%\" height=\"500\" frameborder=\"0\"><\/iframe>\n\t\t\t\t\t\t\t\t\t<br><small><a href=\"https:\/\/www.openstreetmap.org\/?mlat=46.79381&amp;mlon=7.15903#map=18\/46.79381\/7.15903\">View Larger Map<\/a><\/small>\n\t\t\t\t\t\t\t\t<\/div>\n<\/div>\n<\/div>\n\n\n","protected":false},"excerpt":{"rendered":"<p>Travel by Train There are good connections to Fribourg from many places in France, Germany, Austria and Italy. There are also night train connections to Zurich from many cities in Europe like Amsterdam, Vienna, Prague and Budapest. Information can be found at the website of the Swiss Railway. You can also buy tickets there, but &hellip; <a href=\"https:\/\/events.unifr.ch\/wg2023\/?page_id=127\" class=\"more-link\">Continue reading <span class=\"screen-reader-text\">Travelling to Fribourg<\/span> <span class=\"meta-nav\">&rarr;<\/span><\/a><\/p>\n","protected":false},"author":2,"featured_media":0,"parent":0,"menu_order":0,"comment_status":"closed","ping_status":"closed","template":"","meta":{"_uag_custom_page_level_css":""},"uagb_featured_image_src":{"full":false,"thumbnail":false,"medium":false,"medium_large":false,"large":false,"1536x1536":false,"2048x2048":false,"post-thumbnail":false},"uagb_author_info":{"display_name":"Felicia Lucke","author_link":"https:\/\/events.unifr.ch\/wg2023\/?author=2"},"uagb_comment_info":0,"uagb_excerpt":"Travel by Train There are good connections to Fribourg from many places in France, Germany, Austria and Italy. There are also night train connections to Zurich from many cities in Europe like Amsterdam, Vienna, Prague and Budapest. Information can be found at the website of the Swiss Railway. You can also buy tickets there, but&hellip;","_links":{"self":[{"href":"https:\/\/events.unifr.ch\/wg2023\/index.php?rest_route=\/wp\/v2\/pages\/127"}],"collection":[{"href":"https:\/\/events.unifr.ch\/wg2023\/index.php?rest_route=\/wp\/v2\/pages"}],"about":[{"href":"https:\/\/events.unifr.ch\/wg2023\/index.php?rest_route=\/wp\/v2\/types\/page"}],"author":[{"embeddable":true,"href":"https:\/\/events.unifr.ch\/wg2023\/index.php?rest_route=\/wp\/v2\/users\/2"}],"replies":[{"embeddable":true,"href":"https:\/\/events.unifr.ch\/wg2023\/index.php?rest_route=%2Fwp%2Fv2%2Fcomments&post=127"}],"version-history":[{"count":7,"href":"https:\/\/events.unifr.ch\/wg2023\/index.php?rest_route=\/wp\/v2\/pages\/127\/revisions"}],"predecessor-version":[{"id":238,"href":"https:\/\/events.unifr.ch\/wg2023\/index.php?rest_route=\/wp\/v2\/pages\/127\/revisions\/238"}],"wp:attachment":[{"href":"https:\/\/events.unifr.ch\/wg2023\/index.php?rest_route=%2Fwp%2Fv2%2Fmedia&parent=127"}],"curies":[{"name":"wp","href":"https:\/\/api.w.org\/{rel}","templated":true}]}}