{"id":922,"date":"2020-01-28T09:36:35","date_gmt":"2020-01-28T08:36:35","guid":{"rendered":"https:\/\/events.unifr.ch\/biology20\/?page_id=922"},"modified":"2020-01-28T12:31:44","modified_gmt":"2020-01-28T11:31:44","slug":"in-vivo-public-event","status":"publish","type":"page","link":"https:\/\/events.unifr.ch\/biology20\/in-vivo-public-event\/","title":{"rendered":"In vivo &#8211; public event"},"content":{"rendered":"<h2 style=\"text-align: center;\"><a href=\"https:\/\/events.unifr.ch\/biology20\/wp-content\/uploads\/2020\/01\/invivo.pdf\" target=\"_blank\" rel=\"noopener\"><img loading=\"lazy\" decoding=\"async\" class=\"aligncenter wp-image-931 size-large\" src=\"https:\/\/events.unifr.ch\/biology20\/wp-content\/uploads\/2020\/01\/invivo-1020x1024.png\" alt=\"\" width=\"525\" height=\"527\" srcset=\"https:\/\/events.unifr.ch\/biology20\/wp-content\/uploads\/2020\/01\/invivo-1020x1024.png 1020w, https:\/\/events.unifr.ch\/biology20\/wp-content\/uploads\/2020\/01\/invivo-150x150.png 150w, https:\/\/events.unifr.ch\/biology20\/wp-content\/uploads\/2020\/01\/invivo-300x300.png 300w, https:\/\/events.unifr.ch\/biology20\/wp-content\/uploads\/2020\/01\/invivo-768x771.png 768w, https:\/\/events.unifr.ch\/biology20\/wp-content\/uploads\/2020\/01\/invivo-100x100.png 100w, https:\/\/events.unifr.ch\/biology20\/wp-content\/uploads\/2020\/01\/invivo.png 1912w\" sizes=\"(max-width: 525px) 100vw, 525px\" \/><\/a><\/h2>\n<h2><strong><i>in vivo<\/i>: conciliabule biologique!<\/strong><\/h2>\n<p>Venez discuter avec des scientifiques, obtenir des r\u00e9ponses \u00e0 vos questions et d\u00e9couvrir la recherche de pointe qui se d\u00e9roule ici m\u00eame en Suisse.<\/p>\n<p>Dans le style amusant et dynamique du speed-dating, vous interagirez bri\u00e8vement avec de nombreux chercheurs qui sont ici \u00e0 Fribourg pour la conf\u00e9rence Biology20.<\/p>\n<p>17h30 &#8211; 19h, 7 F\u00e9vrier 2020<\/p>\n<p><a href=\"https:\/\/www.google.com\/maps\/place\/Esplanade+de+l'Ancienne+Gare+3,+1700+Freiburg\/@46.8020247,7.1481123,17z\/data=!3m1!4b1!4m5!3m4!1s0x478e692c8a04ac29:0x416d0327a26de224!8m2!3d46.802021!4d7.150301\" target=\"_blank\" rel=\"noopener\">Ancienne Gare, Esplanade de l&#8217;Ancienne-Gare 3, 1700 Fribourg<\/a><\/p>\n<hr \/>\n<h2><strong><i>in vivo<\/i>: biologisches konciliabulum!<\/strong><\/h2>\n<p>Chatten Sie mit Wissenschaftlern, lassen Sie sich Ihre Fragen beantworten und erfahren Sie mehr \u00fcber die Spitzenforschung, die hier in der Schweiz stattfindet.<\/p>\n<p>In der unterhaltsamen und dynamischen Art des Speed-Datings werden Sie kurz mit mehreren Forschenden interagieren, die hier in Fribourg f\u00fcr die Konferenz Biology20 sind.<\/p>\n<p>17h30 &#8211; 19h,\u00a07 Februar 2020<\/p>\n<p><a href=\"https:\/\/www.google.com\/maps\/place\/Esplanade+de+l'Ancienne+Gare+3,+1700+Freiburg\/@46.8020247,7.1481123,17z\/data=!3m1!4b1!4m5!3m4!1s0x478e692c8a04ac29:0x416d0327a26de224!8m2!3d46.802021!4d7.150301\" target=\"_blank\" rel=\"noopener\">Ancienne Gare, Esplanade de l&#8217;Ancienne-Gare 3, 1700 Fribourg<\/a><\/p>\n","protected":false},"excerpt":{"rendered":"<p>in vivo: conciliabule biologique! Venez discuter avec des scientifiques, obtenir des r\u00e9ponses \u00e0 vos questions et d\u00e9couvrir la recherche de pointe qui se d\u00e9roule ici m\u00eame en Suisse. Dans le style amusant et dynamique du speed-dating, vous interagirez bri\u00e8vement avec de nombreux chercheurs qui sont ici \u00e0 Fribourg pour la conf\u00e9rence Biology20. 17h30 &#8211; 19h, &hellip; <\/p>\n<p class=\"link-more\"><a href=\"https:\/\/events.unifr.ch\/biology20\/in-vivo-public-event\/\" class=\"more-link\">Continue reading<span class=\"screen-reader-text\"> &#8220;In vivo &#8211; public event&#8221;<\/span><\/a><\/p>\n","protected":false},"author":2,"featured_media":0,"parent":0,"menu_order":0,"comment_status":"closed","ping_status":"closed","template":"","meta":{"footnotes":""},"_links":{"self":[{"href":"https:\/\/events.unifr.ch\/biology20\/wp-json\/wp\/v2\/pages\/922"}],"collection":[{"href":"https:\/\/events.unifr.ch\/biology20\/wp-json\/wp\/v2\/pages"}],"about":[{"href":"https:\/\/events.unifr.ch\/biology20\/wp-json\/wp\/v2\/types\/page"}],"author":[{"embeddable":true,"href":"https:\/\/events.unifr.ch\/biology20\/wp-json\/wp\/v2\/users\/2"}],"replies":[{"embeddable":true,"href":"https:\/\/events.unifr.ch\/biology20\/wp-json\/wp\/v2\/comments?post=922"}],"version-history":[{"count":9,"href":"https:\/\/events.unifr.ch\/biology20\/wp-json\/wp\/v2\/pages\/922\/revisions"}],"predecessor-version":[{"id":934,"href":"https:\/\/events.unifr.ch\/biology20\/wp-json\/wp\/v2\/pages\/922\/revisions\/934"}],"wp:attachment":[{"href":"https:\/\/events.unifr.ch\/biology20\/wp-json\/wp\/v2\/media?parent=922"}],"curies":[{"name":"wp","href":"https:\/\/api.w.org\/{rel}","templated":true}]}}